{"id":18,"date":"2018-12-27T00:58:03","date_gmt":"2018-12-26T23:58:03","guid":{"rendered":"https:\/\/tskotsch.pcip.de\/md\/?page_id=18"},"modified":"2019-09-06T17:16:55","modified_gmt":"2019-09-06T15:16:55","slug":"ueber-mich","status":"publish","type":"page","link":"https:\/\/tskotsch.pcip.de\/md\/index.php\/ueber-mich\/","title":{"rendered":"\u00dcber uns"},"content":{"rendered":"\n<p> &#8222;Magic Dreams das Variete, Augen leuchten eh und je, B\u00e4lle, Keulen, schnelle Hand, komm mit uns ins Zauberland, Lichter auf Kulissen strahlen, Tr\u00e4ume auf die B\u00fchne malen, Augen leuchten eh und je &#8211; Variete&#8220;, so erklingt nun schon seit vielen Jahren unsere Hymne. Doch wie kam es dazu?<br><br> Der Verein wurde 1998 von einer Gruppe gegr\u00fcndet, die bislang als Magic Iramus Team aufgetreten war.<br><br> Da sich alle Gr\u00fcndungsmitglieder einig waren, dass wir die Kleinkunst nicht erwerbsm\u00e4\u00dfig vermarkten wollten, sondern jedem die M\u00f6glichkeit gegeben werden soll, die K\u00fcnste zu erlernen und Auftritte zu finanzieren, war eine gemeinsame Grundlage schnell gefunden.<br><br> Seitdem hat der Verein regen Zulauf. Die Programme konnten um viele neue K\u00fcnste und zahlreiche technische Effekte erweitert werden. Mittlerweile kann der Verein auf eine Vielzahl von Auftritten bei privaten Feiern, Stra\u00dfenfesten und gro\u00dfen Events zur\u00fcckblicken.<br><br> Da unser Repertoire st\u00e4ndig verbessert und erweitert wird, sind wir in der Lage eine gro\u00dfe Auswahl an Vorf\u00fchrungen bieten zu k\u00f6nnen und unsere Programme flexibel an besondere W\u00fcnsche anpassen zu k\u00f6nnen.<br> Wenn Sie mehr \u00fcber uns erfahren, sie vielleicht als zuk\u00fcnftiges Mitglied selbst mitmachen oder einen Auftritt buchen m\u00f6chten, so schauen Sie doch bei unseren Kontaktm\u00f6glichkeiten nach. <\/p>\n\n\n\n<p><strong>Meilensteine<\/strong><\/p>\n\n\n\n<p>Hier ein paar Meilensteine der Vereinsgeschichte:<\/p>\n\n\n\n<table class=\"wp-block-table aligncenter\"><tbody><tr><td>\n  10.09.1998\n  <\/td><td>\n  &#8211; Magic Dreams e. V. wird gegr\u00fcndet<br>\n  &#8211; 10 Mitglieder<br>\n  &#8211; Proben alle zwei Wochen\n  <\/td><\/tr><tr><td>\n  Mai 2000\n  <\/td><td>\n  &#8211; erste Teilnahme am Hockenheimer Mai<br>\n  &#8211; ersten Workshop durchgef\u00fchrt<br>\n  &#8211; Probe jetzt w\u00f6chentlich<br>\n  &#8211; ca. 20 Mitglieder \n  <\/td><\/tr><tr><td>\n  Fasching 2001\n  <\/td><td>\n  &#8211; erste Teilnahme an Faschingsumz\u00fcgen\n  <\/td><\/tr><tr><td>\n  Sommer 2001\n  <\/td><td>\n  &#8211; erste gute Kontakte zur\n  Gemeindeverwaltung Br\u00fchl<br>\n  &#8211; Teilnahme am Br\u00fchler Kinderferienprogramm <br>\n  &#8211; Buffalows\/Br\u00fchl: Feuershow wird zum Renner\n  <\/td><\/tr><tr><td>\n  12.\/13.10.2001\n  <\/td><td>\n  &#8222;Die kleine Gro\u00dfkunstshow&#8220;\n  erste gro\u00dfe 2 1\/2 st\u00fcndige Varieteshow in Eigenverantwortung\n  <\/td><\/tr><tr><td>\n  M\u00e4rz 2002\n  <\/td><td>\n  Die kleine Gro\u00dfkunstshow wird in\n  Oftersheim gebucht.\n  <\/td><\/tr><tr><td>\n  Nov. 2002\n  <\/td><td>\n  Erster Auftritt zur\n  Abschlussveranstaltung Br\u00fchler KiFePro mit der kleinen Gro\u00dfkunstshow auf der\n  riesigen B\u00fchne der Br\u00fchler Festhalle. Erste richtige Belastungsprobe f\u00fcr\n  unsere Technik (Mischpult, Endstufe, Lichttraverse, Headset,\n  Nebelmaschine&#8230;)<br>\n  Neues im Verein:<br>\n  &#8211; ca. 50 Mitgleider<br>\n  &#8211; Kinderzirkus Piccobello wird gegr\u00fcndet\n  <\/td><\/tr><tr><td>\n  Nov. 2003 \n  <\/td><td>\n  Mit &#8222;In 14 Nummern um die\n  Welt&#8220; mit der MD FunIllu ist die zweite gro\u00dfe, ganz neue Show in Br\u00fchl\n  auf der B\u00fchne, die im Mai 2004 in Hockenheim zweimal vor ausverkauftem Haus\n  wiederholt wird. Neues B\u00fchnenbild wurde gebaut. \n  <\/td><\/tr><tr><td>\n  Jan. 2004\n  <\/td><td>\n  Varietekunst mit Men\u00fc hei\u00dft das neue\n  Angebot von Magic Dreams in Kooperation mit verschiedenen Gastst\u00e4tten, das im\n  Januar erstmals durchgef\u00fchrt wurde.\n  <\/td><\/tr><tr><td>\n  April 2004\n  <\/td><td>\n  Magic Dreams wird von einem Tanzlokal\n  in Speyer f\u00fcr eine 3 1\/2 st\u00fcndige Show gebucht &#8211; die l\u00e4ngste reine Showzeit\n  bisher.\n  <\/td><\/tr><tr><td>\n  Sommer 2004\n  <\/td><td>\n  Mittlerweile muss der Vorsitzende\n  nicht mehr bei jedem Auftritt mit dabei sein. Und manches Mitglied stellt\n  fest, dass Auftritte organisieren und leiten ganz sch\u00f6n anstrengend ist. \n  <\/td><\/tr><tr><td>\n  Nov. 2004\n  <\/td><td>\n  Mit &#8222;Schlaraffenland&#8220; kommt\n  eine Show mit einer ganz neuen Story und erstmals mit Zauberei als rotem\n  Faden auf die B\u00fchne.\n  <\/td><\/tr><tr><td>\n  Fr\u00fchjahr u. Sommer 2005\n  <\/td><td>\n  Erste Teilnahme an Faschingsumz\u00fcgen mit\n  einem gro\u00dfen Anh\u00e4nger und Schlepper.<br>\n  <br>\n  Die Zeit danach ist gepr\u00e4gt durch viele kleinere Auftritte und vor allem die\n  Vorbereitung auf die neue gro\u00dfe Show &#8222;1001 Sandkorn&#8220;. So werden\n  neben zahlreichen Proben vor allem auch phantastische Kost\u00fcme wie die legend\u00e4ren\n  Kamele und einige Kakteen erstellt. <br>\n  <br>\n  Auf dem Hockenheimer Mai wurde die Standfl\u00e4che verdoppelt und um einen gro\u00dfen\n  Infoteil mit B\u00fchnendeko, Schautafeln und Schaufensterpuppe erweitert.<br>\n  <br>\n  In der Zauberei wird neu neben spektakul\u00e4ren B\u00fchnengro\u00dfillusionen mit\n  Tablehopping im Close up Bereich auch Zauberei zum anfassen geboten. \n  <\/td><\/tr><tr><td>\n  09.07.2005\n  <\/td><td>\n  Drei Auftraggeber, 14 K\u00fcnstler, die in\n  11 Stunden vier B\u00fchnenaufritte, zwei Mal Walking Act, ein Workshop und die\n  Feuer-Fakir-Show auff\u00fchren. Br\u00fchl, Oftersheim und Ketsch wurden mit\n  Varietekunst a la Magic Dreams bereichert. Gro\u00dfer Aufwand &#8211; toller Einsatz!\n  <\/td><\/tr><tr><td>\n  15.\/16.10.2005\n  <\/td><td>\n  Premiere der neuen Varieteshow\n  &#8222;1001 Sandkorn&#8220;: Noch gr\u00f6\u00dfer, noch bunter, noch vertr\u00e4umter, noch\n  runder als jede Show zuvor. (siehe auch Pressestimmen) \n  <\/td><\/tr><tr><td>\n  Sommer 2006\n  <\/td><td>\n  Gaukeley, Histomagie, Schwertkampf und\n  historische Gewandungen werden zum neuen Selbstl\u00e4ufer \n  <\/td><\/tr><tr><td>\n  04.11.2006\n  <\/td><td>\n  Premiere der Show &#8222;Zeitsprung &#8211;\n  der Weg zur Weisheit&#8220; in der Festhalle Br\u00fchl &#8211; eine magisch-spannende\n  Reise durch Raum und Zeit.\n  <\/td><\/tr><tr><td>\n  2007\n  <\/td><td>\n  Ein Generationswechsel &#8211; mancher geht,\n  viele Neue kommen &#8211; die Wichtigen bleiben.\n  <\/td><\/tr><tr><td>\n  27. u. 28.09.2008 \n  <\/td><td>\n  Variete-Jubil\u00e4umsgala zum 10-J\u00e4hrigen\n  Bestehen. Der Profijongleur Jeremy und die Brauerei zum Stadtpark Hockenheim\n  (mit einem mittelalterlichen Men\u00fc) runden die Jubil\u00e4umsshow &#8222;H\u00f6llenfeuer\n  den Geschichten&#8220; zus\u00e4tzlich ab. Die gr\u00f6\u00dfte k\u00fcnstlerische und logistische\n  Leistung in der Vereinsgeschichte.\n  <\/td><\/tr><tr><td>\n  09. u. 10.05.2009\n  <\/td><td>\n  5 Auftritte innerhalb von 24 Stunden &#8211;\n  eine H\u00f6chstleistung: Dabei Jonglage auf Stra\u00dfenfesten, Kinderprogramme und\n  vor allem historische Zauberei beim Rittermahl auf Schloss Auerbach.\n  <\/td><\/tr><tr><td>\n  31.05.2009\n  <\/td><td>\n  Die neue Show Jahresuhr feiert in Bad\n  Mergentheim Premiere.\n  <\/td><\/tr><tr><td>\n  2010\n  <\/td><td>\n  Mit dem Programm \u201eDer Wunderheiler\u201c\n  haben wir im Bereich der medizinischen Unterhaltung etwas ganz\n  Au\u00dfergew\u00f6hnliches geschaffen. Damit sprechen wir insbesondere Kliniken,\n  \u00c4rzte, Apotheken und Pharmaunternehmen an und bereichern Betriebsfeiern,\n  Pr\u00e4sentationen, Seminare und das Patientenprogramm. <br>\n  Es entsteht eine unterhaltsame Show zum Staunen, Lachen und Mitmachen, die\n  speziell f\u00fcr Medical &#8211; Entertainment konzipiert wurde. \n  <\/td><\/tr><tr><td>\n  2012\n  <\/td><td>\n  Das neue Programm Bella Italia\n  entf\u00fchrt in die Welt des S\u00fcdens\n  <\/td><\/tr><tr><td>\n  14.08.2012\n  <\/td><td>\n  Eins der letzten gro\u00dfen Mysterien der\n  Zauberkunst geh\u00f6rt nach zwei Jahren Vorbereitungs- und Probezeit ab sofort\n  zum Programm von Magic Dreams: Der Quick Change &#8211; der schnelle Kost\u00fcmwechsel.\n  Eine stimmungsvolle Routine in der eine Blume sowie die Kleider bei Ihr und\n  bei Ihm die Farben und Schnitte wechselten wurde im Granfamissimo Bad\n  Mergentheim uraufgef\u00fchrt. \n  <\/td><\/tr><tr><td>\n  05.03.2015\n  <\/td><td>\n  Auch die Moderation von\n  Fremdveranstaltungen (z. B. Taste of Music) auf zauberhafte Art kommt sehr\n  gut an. \n  <\/td><\/tr><tr><td>\n  2017\n  <\/td><td>   Ob Kinder oder Erwachsene in Kliniken werden Patienten auf magische Weise auf andere Gedanken gebracht.<\/td><\/tr><tr><td>2019<\/td><td>Zwei gro\u00dfe Illusionen mit Las Vegas &#8211; Qualit\u00e4t des legend\u00e4ren Requisitenbauers Puchinger erweitern die M\u00f6glichkeiten.<\/td><\/tr><\/tbody><\/table>\n","protected":false},"excerpt":{"rendered":"<p>&#8222;Magic Dreams das Variete, Augen leuchten eh und je, B\u00e4lle, Keulen, schnelle Hand, komm mit uns ins Zauberland, Lichter auf Kulissen strahlen, Tr\u00e4ume auf die B\u00fchne malen, Augen leuchten eh und je &#8211; Variete&#8220;, so erklingt nun schon seit vielen Jahren unsere Hymne. Doch wie kam es dazu? Der Verein wurde 1998 von einer Gruppe [&hellip;]<\/p>\n","protected":false},"author":1,"featured_media":60,"parent":0,"menu_order":0,"comment_status":"closed","ping_status":"closed","template":"","meta":{"footnotes":""},"_links":{"self":[{"href":"https:\/\/tskotsch.pcip.de\/md\/index.php\/wp-json\/wp\/v2\/pages\/18"}],"collection":[{"href":"https:\/\/tskotsch.pcip.de\/md\/index.php\/wp-json\/wp\/v2\/pages"}],"about":[{"href":"https:\/\/tskotsch.pcip.de\/md\/index.php\/wp-json\/wp\/v2\/types\/page"}],"author":[{"embeddable":true,"href":"https:\/\/tskotsch.pcip.de\/md\/index.php\/wp-json\/wp\/v2\/users\/1"}],"replies":[{"embeddable":true,"href":"https:\/\/tskotsch.pcip.de\/md\/index.php\/wp-json\/wp\/v2\/comments?post=18"}],"version-history":[{"count":15,"href":"https:\/\/tskotsch.pcip.de\/md\/index.php\/wp-json\/wp\/v2\/pages\/18\/revisions"}],"predecessor-version":[{"id":329,"href":"https:\/\/tskotsch.pcip.de\/md\/index.php\/wp-json\/wp\/v2\/pages\/18\/revisions\/329"}],"wp:featuredmedia":[{"embeddable":true,"href":"https:\/\/tskotsch.pcip.de\/md\/index.php\/wp-json\/wp\/v2\/media\/60"}],"wp:attachment":[{"href":"https:\/\/tskotsch.pcip.de\/md\/index.php\/wp-json\/wp\/v2\/media?parent=18"}],"curies":[{"name":"wp","href":"https:\/\/api.w.org\/{rel}","templated":true}]}}