{"id":209,"date":"2019-08-27T21:23:00","date_gmt":"2019-08-27T19:23:00","guid":{"rendered":"https:\/\/tskotsch.pcip.de\/md\/?page_id=209"},"modified":"2019-09-06T17:24:26","modified_gmt":"2019-09-06T15:24:26","slug":"programme-2","status":"publish","type":"page","link":"https:\/\/tskotsch.pcip.de\/md\/index.php\/programme-2\/","title":{"rendered":"Programme"},"content":{"rendered":"\n<p>Das Besondere an unseren Shows ist, dass f\u00fcr unser\nPublikum bereits am Eingang die Welt der Phantasie und Illusion beginnt, denn\nalle unsere Programme sind in einen Rahmen eingebettet, der sich als roter\nFaden durch die ganze Show zieht. Wir sind davon \u00fcberzeugt, dass es uns so\ngelingt eine ganz besondere Atmosph\u00e4re zu erzeugen.<br>\n<br>\nSHOWEINLAGEN \u2013 f\u00fcr jeden Anlass (1\/2 &#8211; 1 Stunde, nach Ihren W\u00fcnschen)<br>\n<br>\nBesonders beliebt sind unsere Showeinlagen, die jede Veranstaltung so besonders\nmachen, dass die Teilnehmer noch Jahre danach gerne dar\u00fcber reden. Ob\nGeburtstage, Hochzeiten, Betriebs- oder Vereinsfeiern \u2013 hier ist f\u00fcr jeden\nAnlass etwas dabei.<\/p>\n\n\n\n<p>Passend zu Ihrer Veranstaltung stellen wir Ihnen eine\nfaszinierende Show aus unterschiedlichen Zauberelementen zusammen. Diese kann\nggf. auch durch einzelne Sequenzen anderer K\u00fcnste erg\u00e4nzt werden. <\/p>\n\n\n\n<p>MODERATION VON FREMDVERANSTALTUNGEN<br>\n<br>\nSie planen eine Betriebs- oder Vereinsveranstaltung? Sie wollen selbst etwas\nvorf\u00fchren oder haben mehrere K\u00fcnstler bzw. Gruppen engagiert? Wir moderieren\nIhre Veranstaltung auf zauberhafte Art und Weise. So bekommt Ihre Veranstaltung\neinen besonderen Rahmen und wird zu etwas Besonderem.<\/p>\n\n\n\n<p>KINDERPROGRAMME<br> <br> Ob beim Kindergeburtstag oder als Animation bei gr\u00f6\u00dferen Veranstaltungen &#8211; hier stehen die Kinder im Mittelpunkt und d\u00fcrfen dem kr\u00e4ftig helfen zu zaubern, den magischen Vorhang zu \u00f6ffnen und Zauberspr\u00fcche lernen &#8211; Varietekunst ganz nach Kinderw\u00fcnschen. Auch Geburtstagsspiele sind m\u00f6glich.<br> <\/p>\n\n\n\n<p>CLOSE UP<\/p>\n\n\n\n<p>Zauberei hautnaher geht nicht. Sie werden Ihren Augen nicht mehr trauen, wenn Unglaubliches direkt vor Ihnen passiert und der Zauberer z. B. bei Empf\u00e4ngen von Tisch zu Tisch geht und kleine Wunder entstehen.  <br> <\/p>\n\n\n\n<p>GRO\u00dfE SHOWS (2 1\/2 Stunden)<br>\n<br>\nWir bieten Ihnen &#8222;DIE KLEINE GROSSKUNSTSHOW&#8220; ein Programm vom\nFeinsten mit Jonglagen, Zauberei, viel Pantomime, schwarzes Theater,\nEinradfahren, Seifenblasenmodelieren, Diabolo, das ganze eingebettet in die\nGeschichte eines Flugzeugfluges in die Welt der Tr\u00e4ume und Illusionen.<br>\n<br>\nWir bieten Ihnen die Show &#8222;IN 14 NUMMERN UM DIE WELT&#8220; auf unserem\nTraumschiff MD FunIllu, das die verschiedensten H\u00e4fen anl\u00e4uft und dort\nJonglagen, Zauberei, Pantomime, Kampfshows, schwarzes Theater, Einradfahren,\nDiabolo und vieles mehr erlebt, begleitet von poesievollen Texten. <br>\n<br>\nWir bieten Ihnen die Show &#8222;SCHLARAFFENLAND DER PHANTASIE&#8220;. Dort f\u00fchrt\nder Zauberkoch Magic Iramus durch ein Programm mit Jonglagen, Gro\u00dfillusionen,\nPantomime, Kampfshows, schwarzes Theater, Tellerdrehen, Zigarrenkisten, Einrad,\nDiabolo und vieles mehr. Ein Programm, das man sich auf der Zunge zergehen\nlassen kann.<br>\n<br>\nWir bieten Ihnen die Show &#8222;1001 SANDKORN&#8220;. Tauchen Sie ein in die\nWelt der Sandd\u00fchnen, Karawanen und des Orients. Die Feuer-Fakir-Bauchtanz-Show,\nGro\u00dfillusionen wie die zers\u00e4gte Jungfrau, die schwebende Jungfrau, Zick-Zack,\nFluchtkiste, Puppenhausillusion&#8230;jonglierende Kakteen, Diabolo spielende Kamele,\nschwarzes Theater, Sarazenen mit Jonglagemessern sind nur einige Dinge, die wir\nin dieser Show auf die B\u00fchne bringen.<br>\n<br>\nMit der Show &#8222;ZEITSPRUNG&#8220; bietet Magic Dreams eine Zeitreise vom\nUrknall \u00fcber R\u00f6mer, Mittelalter, Barock, Indianer bis in die Neuzeit. In eine\nmagisch-spannende Reise durch Raum und Zeit eingetaucht (&#8230;) atmosph\u00e4risch\ndicht insziniert (&#8230;) ordentlich Feuer unter dem Dach (&#8230;) schlichtweg vom\nFeinsten (&#8230;) fulminates Ende, so urteilte die Presse. Klar dass auch diesmal\nwieder neben Zauberei nahezu alle denkbaren Varietek\u00fcnste neu insziniert auf\nden B\u00fchne waren.<br>\n<br>\nDer Titel &#8222;H\u00d6LLENFEUER DEN GESCHICHTEN&#8220; verspricht eine turbulente,\nteilweise aber auch vertr\u00e4umte Mischung aus mystischer Magie, Gro\u00dfillusionen,\nJonglage, Diabolo, Zigarrenkisten, Tellerdrehen, Feuer-Fakir und Devilstik.\nEingebettet in eine Geschichte um den Kampf Gut gegen B\u00f6se im Reich der M\u00e4rchen\num die Tr\u00e4ume der Menschen. Auch in der 6. Showproduktion erschafft Magic\nDreams so ein Gesamtkunstwerk mit schauspielerischen Elementen, in dem jede\nShowsequenz ein liebenswertes Puzzleteil eines gro\u00dfen Traums wird. <br>\n<br>\n<\/p>\n\n\n\n<p><br>\nMITTELALTERLICHE &amp; HISTORISCHE SHOWS<br>\n<br>\nSchwertkampf, Gaukeley und Feuerspeien, barocke Reihent\u00e4nze mit Tellerdrehen\nund vieles mehr entf\u00fchrt Sie in faszinierende, vergangene Zeiten.<br>\n(s. auch unter &#8222;Mittelalter&#8220;)<br>\n<br>\n<\/p>\n\n\n\n<p><br>\nMEDICAL &#8211; ENTERTAINMENT<br>\n<br>\nMedizinische Unterhaltung insbesondere f\u00fcr Kliniken, \u00c4rzte, Apotheken und\nPharmaunternehmen, Betriebsfeiern, Pr\u00e4sentationen, Seminare und das\nPatientenprogramm. (s. auch unter &#8222;medical-entertainment&#8220;)<br>\n<br>\n<\/p>\n\n\n\n<p>WALKING ACTS<br>\n<br>\nZauberei und Pantomime bei Messen, M\u00e4rkten und Empf\u00e4ngen zwischen den Leuten.<br><br>\nWORKSHOPS<br><br>\nHier haben Sie die M\u00f6glichkeit Varietek\u00fcnste in den Bereichen Jonglage,\nTellerdrehen, Pantomime, schwarzes Theater, Diabolo, Einrad&#8230;zu erlernen.<br>\nF\u00fcr Kinder ab 6 Jahren oder Erwachsene &#8211; als Tagesveranstaltung, mehrt\u00e4gig oder\nals Wochenendseminar &#8211; hier d\u00fcrfen Sie ran an die Reqisiten und die B\u00fchne.<br><br>\nBEI BEDARF HELFEN WIR AUCH R\u00c4UMLICHKEITEN ZU FINDEN.\n\n\n\n<\/p>\n","protected":false},"excerpt":{"rendered":"<p>Das Besondere an unseren Shows ist, dass f\u00fcr unser Publikum bereits am Eingang die Welt der Phantasie und Illusion beginnt, denn alle unsere Programme sind in einen Rahmen eingebettet, der sich als roter Faden durch die ganze Show zieht. Wir sind davon \u00fcberzeugt, dass es uns so gelingt eine ganz besondere Atmosph\u00e4re zu erzeugen. SHOWEINLAGEN [&hellip;]<\/p>\n","protected":false},"author":2,"featured_media":0,"parent":0,"menu_order":0,"comment_status":"closed","ping_status":"closed","template":"","meta":{"footnotes":""},"_links":{"self":[{"href":"https:\/\/tskotsch.pcip.de\/md\/index.php\/wp-json\/wp\/v2\/pages\/209"}],"collection":[{"href":"https:\/\/tskotsch.pcip.de\/md\/index.php\/wp-json\/wp\/v2\/pages"}],"about":[{"href":"https:\/\/tskotsch.pcip.de\/md\/index.php\/wp-json\/wp\/v2\/types\/page"}],"author":[{"embeddable":true,"href":"https:\/\/tskotsch.pcip.de\/md\/index.php\/wp-json\/wp\/v2\/users\/2"}],"replies":[{"embeddable":true,"href":"https:\/\/tskotsch.pcip.de\/md\/index.php\/wp-json\/wp\/v2\/comments?post=209"}],"version-history":[{"count":3,"href":"https:\/\/tskotsch.pcip.de\/md\/index.php\/wp-json\/wp\/v2\/pages\/209\/revisions"}],"predecessor-version":[{"id":330,"href":"https:\/\/tskotsch.pcip.de\/md\/index.php\/wp-json\/wp\/v2\/pages\/209\/revisions\/330"}],"wp:attachment":[{"href":"https:\/\/tskotsch.pcip.de\/md\/index.php\/wp-json\/wp\/v2\/media?parent=209"}],"curies":[{"name":"wp","href":"https:\/\/api.w.org\/{rel}","templated":true}]}}