{"id":211,"date":"2019-08-27T21:23:01","date_gmt":"2019-08-27T19:23:01","guid":{"rendered":"https:\/\/tskotsch.pcip.de\/md\/?page_id=211"},"modified":"2022-11-24T21:28:01","modified_gmt":"2022-11-24T20:28:01","slug":"magic-dreams-buchen","status":"publish","type":"page","link":"https:\/\/tskotsch.pcip.de\/md\/index.php\/magic-dreams-buchen\/","title":{"rendered":"Magic Dreams buchen"},"content":{"rendered":"\n<figure class=\"wp-block-table\"><table><tbody><tr><td>\n  Programmdauer\n  <\/td><td>\n  Zwischen 20 Minuten und 3 1\/2 Stunden\n  ist ganz nach Ihren W\u00fcnschen fast alles m\u00f6glich.<br>\n  <br>\n  F\u00fcr den Aufbau der Kulissen, Beleuchtung und Tontechnik wird je nach Aufwand\n  1 Stunde bis 1 Tag ben\u00f6tigt. \n  <\/td><\/tr><tr><td>\n  Auftrittskosten\n  <\/td><td>   Die Kosten variieren nach   individueller Absprache. Die Einnahmen dienen ausschlie\u00dflich dem Verein f\u00fcr   Neuanschaffungen. Um mal eine Zahl zu nennen:<br>   <br>   3\/4 Stunde ca. 350,- EUR<br>   Moderation einer Fremdveranstaltung ca. 350,- EUR<br>   <br>   L\u00e4ngere Shows, Workshops und mehrere Showeinlagen nach Absprache<br>   <br>   Preise sind f\u00fcr Vorbereitung, Auf- &amp; Abbau <br>   Fahrtkosten ggf. zus\u00e4tzlich.\u00a0    <\/td><\/tr><tr><td>\n  Platzbedarf\n  <\/td><td>\n  Liegt entsprechend Ihren W\u00fcnschen\n  zwischen 2 m\u00b2 und 100 m\u00b2.\n  <\/td><\/tr><\/tbody><\/table><\/figure>\n","protected":false},"excerpt":{"rendered":"<p>Programmdauer Zwischen 20 Minuten und 3 1\/2 Stunden ist ganz nach Ihren W\u00fcnschen fast alles m\u00f6glich. F\u00fcr den Aufbau der Kulissen, Beleuchtung und Tontechnik wird je nach Aufwand 1 Stunde bis 1 Tag ben\u00f6tigt. Auftrittskosten Die Kosten variieren nach individueller Absprache. Die Einnahmen dienen ausschlie\u00dflich dem Verein f\u00fcr Neuanschaffungen. Um mal eine Zahl zu nennen: [&hellip;]<\/p>\n","protected":false},"author":2,"featured_media":0,"parent":0,"menu_order":0,"comment_status":"closed","ping_status":"closed","template":"","meta":{"footnotes":""},"_links":{"self":[{"href":"https:\/\/tskotsch.pcip.de\/md\/index.php\/wp-json\/wp\/v2\/pages\/211"}],"collection":[{"href":"https:\/\/tskotsch.pcip.de\/md\/index.php\/wp-json\/wp\/v2\/pages"}],"about":[{"href":"https:\/\/tskotsch.pcip.de\/md\/index.php\/wp-json\/wp\/v2\/types\/page"}],"author":[{"embeddable":true,"href":"https:\/\/tskotsch.pcip.de\/md\/index.php\/wp-json\/wp\/v2\/users\/2"}],"replies":[{"embeddable":true,"href":"https:\/\/tskotsch.pcip.de\/md\/index.php\/wp-json\/wp\/v2\/comments?post=211"}],"version-history":[{"count":3,"href":"https:\/\/tskotsch.pcip.de\/md\/index.php\/wp-json\/wp\/v2\/pages\/211\/revisions"}],"predecessor-version":[{"id":366,"href":"https:\/\/tskotsch.pcip.de\/md\/index.php\/wp-json\/wp\/v2\/pages\/211\/revisions\/366"}],"wp:attachment":[{"href":"https:\/\/tskotsch.pcip.de\/md\/index.php\/wp-json\/wp\/v2\/media?parent=211"}],"curies":[{"name":"wp","href":"https:\/\/api.w.org\/{rel}","templated":true}]}}